{"id":353,"date":"2021-11-16T18:02:50","date_gmt":"2021-11-16T17:02:50","guid":{"rendered":"https:\/\/postacr.rhumatos.fr\/brest-2021\/?page_id=353"},"modified":"2022-11-22T22:25:16","modified_gmt":"2022-11-22T21:25:16","slug":"fermeture","status":"publish","type":"page","link":"https:\/\/postacr.rhumatos.fr\/edition-2022\/","title":{"rendered":"Fermeture Post ACR 2022"},"content":{"rendered":"<style>.wp-block-kadence-advancedheading.kt-adv-heading_c02265-15, .wp-block-kadence-advancedheading.kt-adv-heading_c02265-15[data-kb-block=\"kb-adv-heading_c02265-15\"]{margin-top:25px;margin-bottom:25px;text-align:center;font-size:40px;font-style:normal;}.wp-block-kadence-advancedheading.kt-adv-heading_c02265-15 mark.kt-highlight, .wp-block-kadence-advancedheading.kt-adv-heading_c02265-15[data-kb-block=\"kb-adv-heading_c02265-15\"] mark.kt-highlight{font-style:normal;color:#f76a0c;-webkit-box-decoration-break:clone;box-decoration-break:clone;padding-top:0px;padding-right:0px;padding-bottom:0px;padding-left:0px;}.wp-block-kadence-advancedheading.kt-adv-heading_c02265-15 img.kb-inline-image, .wp-block-kadence-advancedheading.kt-adv-heading_c02265-15[data-kb-block=\"kb-adv-heading_c02265-15\"] img.kb-inline-image{width:150px;vertical-align:baseline;}<\/style>\n<h1 class=\"kt-adv-heading_c02265-15 wp-block-kadence-advancedheading\" data-kb-block=\"kb-adv-heading_c02265-15\">Votre LIVE est termin\u00e9 !<br>Merci pour votre participation.<\/h1>\n\n\n\n<p class=\"has-text-align-center\" style=\"font-size:18px\">\u00c0 bient\u00f4t !<br>L\u2019\u00e9quipe Rhumatos<\/p>\n","protected":false},"excerpt":{"rendered":"<p>Votre LIVE est termin\u00e9 !Merci pour votre participation. \u00c0 bient\u00f4t !L\u2019\u00e9quipe Rhumatos<\/p>\n","protected":false},"author":1,"featured_media":0,"parent":0,"menu_order":85,"comment_status":"closed","ping_status":"closed","template":"","meta":{"footnotes":""},"class_list":["post-353","page","type-page","status-publish"],"yoast_head":"<!-- This site is optimized with the Yoast SEO plugin v27.6 - https:\/\/yoast.com\/product\/yoast-seo-wordpress\/ -->\n<title>Fermeture Post ACR 2022 &#8226; \u00c9dition 2022<\/title>\n<meta name=\"robots\" content=\"index, follow, max-snippet:-1, max-image-preview:large, max-video-preview:-1\" \/>\n<link rel=\"canonical\" href=\"https:\/\/postacr.rhumatos.fr\/edition-2022\/\" \/>\n<meta property=\"og:locale\" content=\"fr_FR\" \/>\n<meta property=\"og:type\" content=\"article\" \/>\n<meta property=\"og:title\" content=\"Fermeture Post ACR 2022 &#8226; \u00c9dition 2022\" \/>\n<meta property=\"og:description\" content=\"Votre LIVE est termin\u00e9 !Merci pour votre participation. \u00c0 bient\u00f4t !L\u2019\u00e9quipe Rhumatos\" \/>\n<meta property=\"og:url\" content=\"https:\/\/postacr.rhumatos.fr\/edition-2022\/\" \/>\n<meta property=\"og:site_name\" content=\"\u00c9dition 2022\" \/>\n<meta property=\"article:modified_time\" content=\"2022-11-22T21:25:16+00:00\" \/>\n<meta name=\"twitter:card\" content=\"summary_large_image\" \/>\n<script type=\"application\/ld+json\" class=\"yoast-schema-graph\">{\"@context\":\"https:\\\/\\\/schema.org\",\"@graph\":[{\"@type\":\"WebPage\",\"@id\":\"https:\\\/\\\/postacr.rhumatos.fr\\\/edition-2022\\\/\",\"url\":\"https:\\\/\\\/postacr.rhumatos.fr\\\/edition-2022\\\/\",\"name\":\"Fermeture Post ACR 2022 &#8226; \u00c9dition 2022\",\"isPartOf\":{\"@id\":\"https:\\\/\\\/postacr.rhumatos.fr\\\/edition-2022\\\/#website\"},\"datePublished\":\"2021-11-16T17:02:50+00:00\",\"dateModified\":\"2022-11-22T21:25:16+00:00\",\"inLanguage\":\"fr-FR\",\"potentialAction\":[{\"@type\":\"ReadAction\",\"target\":[\"https:\\\/\\\/postacr.rhumatos.fr\\\/edition-2022\\\/\"]}]},{\"@type\":\"WebSite\",\"@id\":\"https:\\\/\\\/postacr.rhumatos.fr\\\/edition-2022\\\/#website\",\"url\":\"https:\\\/\\\/postacr.rhumatos.fr\\\/edition-2022\\\/\",\"name\":\"POST ACR 2022\",\"description\":\"R\u00e9union Post ACR du 22 novembre 2022\",\"publisher\":{\"@id\":\"https:\\\/\\\/postacr.rhumatos.fr\\\/edition-2022\\\/#organization\"},\"potentialAction\":[{\"@type\":\"SearchAction\",\"target\":{\"@type\":\"EntryPoint\",\"urlTemplate\":\"https:\\\/\\\/postacr.rhumatos.fr\\\/edition-2022\\\/?s={search_term_string}\"},\"query-input\":{\"@type\":\"PropertyValueSpecification\",\"valueRequired\":true,\"valueName\":\"search_term_string\"}}],\"inLanguage\":\"fr-FR\"},{\"@type\":\"Organization\",\"@id\":\"https:\\\/\\\/postacr.rhumatos.fr\\\/edition-2022\\\/#organization\",\"name\":\"Expressions Sant\u00e9\",\"url\":\"https:\\\/\\\/postacr.rhumatos.fr\\\/edition-2022\\\/\",\"logo\":{\"@type\":\"ImageObject\",\"inLanguage\":\"fr-FR\",\"@id\":\"https:\\\/\\\/postacr.rhumatos.fr\\\/edition-2022\\\/#\\\/schema\\\/logo\\\/image\\\/\",\"url\":\"https:\\\/\\\/postacr.rhumatos.fr\\\/apps\\\/uploads\\\/sites\\\/5\\\/2022\\\/11\\\/expressions-sante_logo.png\",\"contentUrl\":\"https:\\\/\\\/postacr.rhumatos.fr\\\/apps\\\/uploads\\\/sites\\\/5\\\/2022\\\/11\\\/expressions-sante_logo.png\",\"width\":300,\"height\":105,\"caption\":\"Expressions Sant\u00e9\"},\"image\":{\"@id\":\"https:\\\/\\\/postacr.rhumatos.fr\\\/edition-2022\\\/#\\\/schema\\\/logo\\\/image\\\/\"}}]}<\/script>\n<!-- \/ Yoast SEO plugin. -->","yoast_head_json":{"title":"Fermeture Post ACR 2022 &#8226; \u00c9dition 2022","robots":{"index":"index","follow":"follow","max-snippet":"max-snippet:-1","max-image-preview":"max-image-preview:large","max-video-preview":"max-video-preview:-1"},"canonical":"https:\/\/postacr.rhumatos.fr\/edition-2022\/","og_locale":"fr_FR","og_type":"article","og_title":"Fermeture Post ACR 2022 &#8226; \u00c9dition 2022","og_description":"Votre LIVE est termin\u00e9 !Merci pour votre participation. \u00c0 bient\u00f4t !L\u2019\u00e9quipe Rhumatos","og_url":"https:\/\/postacr.rhumatos.fr\/edition-2022\/","og_site_name":"\u00c9dition 2022","article_modified_time":"2022-11-22T21:25:16+00:00","twitter_card":"summary_large_image","schema":{"@context":"https:\/\/schema.org","@graph":[{"@type":"WebPage","@id":"https:\/\/postacr.rhumatos.fr\/edition-2022\/","url":"https:\/\/postacr.rhumatos.fr\/edition-2022\/","name":"Fermeture Post ACR 2022 &#8226; \u00c9dition 2022","isPartOf":{"@id":"https:\/\/postacr.rhumatos.fr\/edition-2022\/#website"},"datePublished":"2021-11-16T17:02:50+00:00","dateModified":"2022-11-22T21:25:16+00:00","inLanguage":"fr-FR","potentialAction":[{"@type":"ReadAction","target":["https:\/\/postacr.rhumatos.fr\/edition-2022\/"]}]},{"@type":"WebSite","@id":"https:\/\/postacr.rhumatos.fr\/edition-2022\/#website","url":"https:\/\/postacr.rhumatos.fr\/edition-2022\/","name":"POST ACR 2022","description":"R\u00e9union Post ACR du 22 novembre 2022","publisher":{"@id":"https:\/\/postacr.rhumatos.fr\/edition-2022\/#organization"},"potentialAction":[{"@type":"SearchAction","target":{"@type":"EntryPoint","urlTemplate":"https:\/\/postacr.rhumatos.fr\/edition-2022\/?s={search_term_string}"},"query-input":{"@type":"PropertyValueSpecification","valueRequired":true,"valueName":"search_term_string"}}],"inLanguage":"fr-FR"},{"@type":"Organization","@id":"https:\/\/postacr.rhumatos.fr\/edition-2022\/#organization","name":"Expressions Sant\u00e9","url":"https:\/\/postacr.rhumatos.fr\/edition-2022\/","logo":{"@type":"ImageObject","inLanguage":"fr-FR","@id":"https:\/\/postacr.rhumatos.fr\/edition-2022\/#\/schema\/logo\/image\/","url":"https:\/\/postacr.rhumatos.fr\/apps\/uploads\/sites\/5\/2022\/11\/expressions-sante_logo.png","contentUrl":"https:\/\/postacr.rhumatos.fr\/apps\/uploads\/sites\/5\/2022\/11\/expressions-sante_logo.png","width":300,"height":105,"caption":"Expressions Sant\u00e9"},"image":{"@id":"https:\/\/postacr.rhumatos.fr\/edition-2022\/#\/schema\/logo\/image\/"}}]}},"_links":{"self":[{"href":"https:\/\/postacr.rhumatos.fr\/edition-2022\/wp-json\/wp\/v2\/pages\/353","targetHints":{"allow":["GET"]}}],"collection":[{"href":"https:\/\/postacr.rhumatos.fr\/edition-2022\/wp-json\/wp\/v2\/pages"}],"about":[{"href":"https:\/\/postacr.rhumatos.fr\/edition-2022\/wp-json\/wp\/v2\/types\/page"}],"author":[{"embeddable":true,"href":"https:\/\/postacr.rhumatos.fr\/edition-2022\/wp-json\/wp\/v2\/users\/1"}],"replies":[{"embeddable":true,"href":"https:\/\/postacr.rhumatos.fr\/edition-2022\/wp-json\/wp\/v2\/comments?post=353"}],"version-history":[{"count":1,"href":"https:\/\/postacr.rhumatos.fr\/edition-2022\/wp-json\/wp\/v2\/pages\/353\/revisions"}],"predecessor-version":[{"id":357,"href":"https:\/\/postacr.rhumatos.fr\/edition-2022\/wp-json\/wp\/v2\/pages\/353\/revisions\/357"}],"wp:attachment":[{"href":"https:\/\/postacr.rhumatos.fr\/edition-2022\/wp-json\/wp\/v2\/media?parent=353"}],"curies":[{"name":"wp","href":"https:\/\/api.w.org\/{rel}","templated":true}]}}